{"id":1318,"date":"2025-05-25T20:00:32","date_gmt":"2025-05-25T20:00:32","guid":{"rendered":"https:\/\/tarukyla.ee\/home\/"},"modified":"2025-08-24T11:08:29","modified_gmt":"2025-08-24T11:08:29","slug":"esileht","status":"publish","type":"page","link":"https:\/\/tarukyla.ee\/eng\/","title":{"rendered":"Esileht"},"content":{"rendered":"\t\t<div data-elementor-type=\"wp-page\" data-elementor-id=\"1318\" class=\"elementor elementor-1318\">\n\t\t\t\t<div class=\"elementor-element elementor-element-72f9780 e-flex e-con-boxed e-con e-parent\" data-id=\"72f9780\" data-element_type=\"container\" data-e-type=\"container\">\n\t\t\t\t\t<div class=\"e-con-inner\">\n\t\t\t\t<div class=\"elementor-element elementor-element-a23cbf6 exad-sticky-section-no exad-glass-effect-no elementor-widget elementor-widget-shortcode\" data-id=\"a23cbf6\" data-element_type=\"widget\" data-e-type=\"widget\" data-widget_type=\"shortcode.default\">\n\t\t\t\t<div class=\"elementor-widget-container\">\n\t\t\t\t\t\t\t<div class=\"elementor-shortcode\">\n\t\t\t\t<p class=\"rs-p-wp-fix\"><\/p>\n\t\t\t\t<sr7-module data-alias=\"tarukyla-esileht-2-videoga\" data-id=\"14\" id=\"SR7_14_1\" class=\"rs-respect-topbar rs-ov-hidden\" data-version=\"6.7.54\">\n\t\t\t\t\t<sr7-adjuster><\/sr7-adjuster>\n\t\t\t\t\t<sr7-content>\n\t\t\t\t\t\t<sr7-slide id=\"SR7_14_1-43\" data-key=\"43\">\n\t\t\t\t\t\t\t<sr7-txt id=\"SR7_14_1-43-0\" class=\"sr7-layer\"><\/span>Roheline elukeskkond,<br>energias\u00f5ltumatu ja<br>autonoomne k\u00fcla Pakri poolsaarel<\/span><\/sr7-txt>\n\t\t\t\t\t\t\t<sr7-txt id=\"SR7_14_1-43-3\" class=\"sr7-layer\">a<\/sr7-txt>\n\t\t\t\t\t\t\t<sr7-txt id=\"SR7_14_1-43-4\" class=\"sr7-layer\">B<\/sr7-txt>\n\t\t\t\t\t\t\t<sr7-txt id=\"SR7_14_1-43-6\" class=\"sr7-layer\">PROJEKTIST<\/sr7-txt>\n\t\t\t\t\t\t<\/sr7-slide>\n\t\t\t\t\t\t<sr7-slide id=\"SR7_14_1-44\" data-key=\"44\">\n\t\t\t\t\t\t\t<sr7-bg id=\"SR7_14_1-44-14\" class=\"sr7-layer\"><noscript><img decoding=\"async\" src=\"https:\/\/tarukyla.ee\/wp-content\/uploads\/2025\/06\/pakri3.png\" alt=\"\" title=\"pakri3\"><\/noscript><\/sr7-bg>\n\t\t\t\t\t\t\t<sr7-txt id=\"SR7_14_1-44-0\" class=\"sr7-layer\"><\/span>Suurep\u00e4rane asukoht,<br>kergesti <br>ligip\u00e4\u00e4setav<\/span><\/sr7-txt>\n\t\t\t\t\t\t\t<sr7-txt id=\"SR7_14_1-44-3\" class=\"sr7-layer\">a<\/sr7-txt>\n\t\t\t\t\t\t\t<sr7-txt id=\"SR7_14_1-44-4\" class=\"sr7-layer\">B<\/sr7-txt>\n\t\t\t\t\t\t\t<sr7-txt id=\"SR7_14_1-44-6\" class=\"sr7-layer\">ASUKOHT<\/sr7-txt>\n\t\t\t\t\t\t<\/sr7-slide>\n\t\t\t\t\t\t<sr7-slide id=\"SR7_14_1-45\" data-key=\"45\">\n\t\t\t\t\t\t\t<sr7-bg id=\"SR7_14_1-45-14\" class=\"sr7-layer\"><noscript><img decoding=\"async\" src=\"https:\/\/tarukyla.ee\/wp-content\/uploads\/2025\/07\/Pilt-6-Large-1536x1085.jpg\" alt=\"\" title=\"Pilt 6 Large\"><\/noscript><\/sr7-bg>\n\t\t\t\t\t\t\t<sr7-txt id=\"SR7_14_1-45-0\" class=\"sr7-layer\"><\/span>Paindlik ruumide<br>muutmise<br>v\u00f5imalus<\/span><\/sr7-txt>\n\t\t\t\t\t\t\t<sr7-txt id=\"SR7_14_1-45-3\" class=\"sr7-layer\">a<\/sr7-txt>\n\t\t\t\t\t\t\t<sr7-txt id=\"SR7_14_1-45-4\" class=\"sr7-layer\">B<\/sr7-txt>\n\t\t\t\t\t\t\t<sr7-txt id=\"SR7_14_1-45-6\" class=\"sr7-layer\">PLAANID<\/sr7-txt>\n\t\t\t\t\t\t<\/sr7-slide>\n\t\t\t\t\t\t<sr7-slide id=\"SR7_14_1-46\" data-key=\"46\">\n\t\t\t\t\t\t\t<sr7-bg id=\"SR7_14_1-46-14\" class=\"sr7-layer\"><noscript><img decoding=\"async\" src=\"https:\/\/tarukyla.ee\/wp-content\/uploads\/2025\/07\/Pilt-5-Large-1536x1085.jpg\" alt=\"\" title=\"Pilt 5 Large\"><\/noscript><\/sr7-bg>\n\t\t\t\t\t\t\t<sr7-txt id=\"SR7_14_1-46-0\" class=\"sr7-layer\"><\/span>Strateegiline<br>roheline investeering<br>tulevikku<\/span><\/sr7-txt>\n\t\t\t\t\t\t\t<sr7-txt id=\"SR7_14_1-46-3\" class=\"sr7-layer\">a<\/sr7-txt>\n\t\t\t\t\t\t\t<sr7-txt id=\"SR7_14_1-46-4\" class=\"sr7-layer\">B<\/sr7-txt>\n\t\t\t\t\t\t\t<sr7-txt id=\"SR7_14_1-46-6\" class=\"sr7-layer\">ARENDUSEST<\/sr7-txt>\n\t\t\t\t\t\t<\/sr7-slide>\n\t\t\t\t\t\t<sr7-slide id=\"SR7_14_1-47\" data-key=\"47\">\n\t\t\t\t\t\t\t<sr7-bg id=\"SR7_14_1-47-14\" class=\"sr7-layer\"><noscript><img decoding=\"async\" src=\"https:\/\/tarukyla.ee\/wp-content\/uploads\/2025\/07\/Pilt-1-Large-1536x1085.jpg\" alt=\"\" title=\"Pilt 1 Large\"><\/noscript><\/sr7-bg>\n\t\t\t\t\t\t\t<sr7-txt id=\"SR7_14_1-47-0\" class=\"sr7-layer\"><\/span>Roheline ei ole<br>ainult v\u00e4rv -<br>see on elustiil<\/span><\/sr7-txt>\n\t\t\t\t\t\t\t<sr7-txt id=\"SR7_14_1-47-3\" class=\"sr7-layer\">a<\/sr7-txt>\n\t\t\t\t\t\t\t<sr7-txt id=\"SR7_14_1-47-4\" class=\"sr7-layer\">B<\/sr7-txt>\n\t\t\t\t\t\t\t<sr7-txt id=\"SR7_14_1-47-6\" class=\"sr7-layer\">M\u00dc\u00dcGIINFO<\/sr7-txt>\n\t\t\t\t\t\t<\/sr7-slide>\n\t\t\t\t\t\t<sr7-slide id=\"SR7_14_1-48\" data-key=\"48\">\n\t\t\t\t\t\t<\/sr7-slide>\n\t\t\t\t\t<\/sr7-content>\n\t\t\t\t\t<image_lists style=\"display:none\">\n\t\t\t\t\t\t<img data-src=\"\/\/tarukyla.ee\/wp-content\/uploads\/2025\/06\/pakri3.png\" data-libid=\"2293\" data-lib=\"medialibrary\" title=\"pakri3\" width=\"0\" height=\"0\" data-dbsrc=\"Ly90YXJ1a3lsYS5lZS93cC1jb250ZW50L3VwbG9hZHMvMjAyNS8wNi9wYWtyaTMucG5n\"\/>\n\t\t\t\t\t\t<img data-src=\"\/\/tarukyla.ee\/wp-content\/uploads\/2025\/07\/Pilt-6-Large-1536x1085.jpg\" data-libid=\"2402\" data-lib=\"medialibrary\" title=\"Pilt 6 Large\" width=\"0\" height=\"0\" data-dbsrc=\"Ly90YXJ1a3lsYS5lZS93cC1jb250ZW50L3VwbG9hZHMvMjAyNS8wNy9QaWx0LTYtTGFyZ2UtMTUzNngxMDg1LmpwZw==\"\/>\n\t\t\t\t\t\t<img data-src=\"\/\/tarukyla.ee\/wp-content\/uploads\/2025\/07\/Pilt-5-Large-1536x1085.jpg\" data-libid=\"2401\" data-lib=\"medialibrary\" title=\"Pilt 5 Large\" width=\"0\" height=\"0\" data-dbsrc=\"Ly90YXJ1a3lsYS5lZS93cC1jb250ZW50L3VwbG9hZHMvMjAyNS8wNy9QaWx0LTUtTGFyZ2UtMTUzNngxMDg1LmpwZw==\"\/>\n\t\t\t\t\t\t<img loading=\"lazy\" data-src=\"\/\/tarukyla.ee\/wp-content\/uploads\/2025\/07\/Pilt-1-Large-1536x1085.jpg\" data-libid=\"2399\" data-lib=\"medialibrary\" title=\"Pilt 1 Large\" width=\"0\" height=\"0\" data-dbsrc=\"Ly90YXJ1a3lsYS5lZS93cC1jb250ZW50L3VwbG9hZHMvMjAyNS8wNy9QaWx0LTEtTGFyZ2UtMTUzNngxMDg1LmpwZw==\"\/>\n\t\t\t\t\t<\/image_lists>\n\t\t\t\t<\/sr7-module>\n\t\t\t\t<script>\n\t\t\t\t\twindow.SR7 ??={};SR7.PMH ??={}; SR7.PMH[\"SR7_14_1\"] = {cn:100,state:false,fn: function() { if (window._tpt!==undefined && window._tpt.prepareModuleHeight !== undefined) {  _tpt.prepareModuleHeight({id:\"SR7_14_1\",el:[950,950,768,960,720],type:'standard',shdw:'0',gh:[950,950,900,960,720],gw:[1240,1240,1024,778,480],vpt:['-100px&#039;,&#039;-100px&#039;,&#039;-100px&#039;,&#039;-100px&#039;,&#039;-100px'],size:{fullWidth:true, fullHeight:true},fho:'#masthead,',mh:'0',onh:0,onw:0,bg:{color:'{\"type\":\"solid\",\"orig\":\"#333333\",\"string\":\"rgba(51, 51, 51, 1)\"}'},plType:'7',plColor:'#FFFFFF'});   SR7.PMH[\"SR7_14_1\"].state=true;} else if(SR7.PMH[\"SR7_14_1\"].cn-->0)\tsetTimeout( SR7.PMH[\"SR7_14_1\"].fn,19);}};SR7.PMH[\"SR7_14_1\" ].fn();\n\t\t\t\t<\/script>\n<\/div>\n\t\t\t\t\t\t<\/div>\n\t\t\t\t<\/div>\n\t\t\t\t\t<\/div>\n\t\t\t\t<\/div>\n\t\t<div class=\"elementor-element elementor-element-6acd1df7 e-flex e-con-boxed e-con e-parent\" data-id=\"6acd1df7\" data-element_type=\"container\" data-e-type=\"container\" data-settings=\"{&quot;background_background&quot;:&quot;classic&quot;}\">\n\t\t\t\t\t<div class=\"e-con-inner\">\n\t\t<div class=\"elementor-element elementor-element-e94deb8 e-con-full e-flex e-con e-child\" data-id=\"e94deb8\" data-element_type=\"container\" data-e-type=\"container\">\n\t\t\t\t<div class=\"elementor-element elementor-element-21b6e175 exad-sticky-section-no exad-glass-effect-no elementor-widget elementor-widget-heading\" data-id=\"21b6e175\" data-element_type=\"widget\" data-e-type=\"widget\" data-widget_type=\"heading.default\">\n\t\t\t\t<div class=\"elementor-widget-container\">\n\t\t\t\t\t<h6 class=\"elementor-heading-title elementor-size-default\">J\u00e4ta meile oma kontakt, kui oled projektist huvitatud.<br>Jagame regulaarselt infot arenduse k\u00e4igust infokirjaga.<\/h6>\t\t\t\t<\/div>\n\t\t\t\t<\/div>\n\t\t\t\t<\/div>\n\t\t<div class=\"elementor-element elementor-element-35dbe2b4 e-con-full e-flex e-con e-child\" data-id=\"35dbe2b4\" data-element_type=\"container\" data-e-type=\"container\">\n\t\t\t\t<div class=\"elementor-element elementor-element-e5a7d0a exad-sticky-section-no exad-glass-effect-no elementor-widget elementor-widget-shortcode\" data-id=\"e5a7d0a\" data-element_type=\"widget\" data-e-type=\"widget\" data-widget_type=\"shortcode.default\">\n\t\t\t\t<div class=\"elementor-widget-container\">\n\t\t\t\t\t\t\t<div class=\"elementor-shortcode\"><script>(function() {\n\twindow.mc4wp = window.mc4wp || {\n\t\tlisteners: [],\n\t\tforms: {\n\t\t\ton: function(evt, cb) {\n\t\t\t\twindow.mc4wp.listeners.push(\n\t\t\t\t\t{\n\t\t\t\t\t\tevent   : evt,\n\t\t\t\t\t\tcallback: cb\n\t\t\t\t\t}\n\t\t\t\t);\n\t\t\t}\n\t\t}\n\t}\n})();\n<\/script><!-- Mailchimp for WordPress v4.12.2 - https:\/\/wordpress.org\/plugins\/mailchimp-for-wp\/ --><form id=\"mc4wp-form-1\" class=\"mc4wp-form mc4wp-form-2870\" method=\"post\" data-id=\"2870\" data-name=\"Uudiskirjaga liitumise vorm\" ><div class=\"mc4wp-form-fields\"><p>\r\n    <label style=\"display:block; margin-bottom: 6px; color: #ffffff;\">E-mail<\/label>\r\n    <input \r\n        type=\"email\" \r\n        name=\"EMAIL\" \r\n        placeholder=\"Sisesta oma e-mail\"\r\n        required \r\n        style=\"width: 100%; max-width: 600px; padding: 10px 12px; font-size: 16px; border: 1px solid #ccc; box-sizing: border-box;\">\r\n<\/p>\r\n\r\n<p>\r\n    <label style=\"color: #ffffff; font-size: 14px;\">\r\n        <input \r\n            type=\"checkbox\" \r\n            name=\"AGREE_TO_TERMS\" \r\n            value=\"1\" \r\n            required \r\n            style=\"margin-right: 6px;\">\r\n        <a href=\"https:\/\/tarukyla.ee\/privaatsuspoliitika\/\" \r\n           target=\"_blank\" \r\n           style=\"color: #ffffff; text-decoration: underline;\">\r\n           Olen tutvunud ja n\u00f5ustun privaatsustingimustega.\r\n        <\/a>\r\n    <\/label>\r\n<\/p>\r\n\r\n<p>\r\n    <input \r\n        type=\"submit\" \r\n        value=\"LIITU\" \r\n        style=\"background-color: #f5c04e; color: #000000; border: none; padding: 12px 20px; font-size: 16px; cursor: pointer;\">\r\n<\/p>\r\n<\/div><label style=\"display: none !important;\">Leave this field empty if you're human: <input type=\"text\" name=\"_mc4wp_honeypot\" value=\"\" tabindex=\"-1\" autocomplete=\"off\" \/><\/label><input type=\"hidden\" name=\"_mc4wp_timestamp\" value=\"1777454102\" \/><input type=\"hidden\" name=\"_mc4wp_form_id\" value=\"2870\" \/><input type=\"hidden\" name=\"_mc4wp_form_element_id\" value=\"mc4wp-form-1\" \/><div class=\"mc4wp-response\"><\/div><\/form><!-- \/ Mailchimp for WordPress Plugin --><\/div>\n\t\t\t\t\t\t<\/div>\n\t\t\t\t<\/div>\n\t\t\t\t<\/div>\n\t\t\t\t\t<\/div>\n\t\t\t\t<\/div>\n\t\t\t\t<\/div>\n\t\t","protected":false},"excerpt":{"rendered":"<p>J\u00e4ta meile oma kontakt, kui oled projektist huvitatud.Jagame regulaarselt infot arenduse k\u00e4igust infokirjaga.<\/p>","protected":false},"author":1,"featured_media":2518,"parent":0,"menu_order":0,"comment_status":"closed","ping_status":"closed","template":"","meta":{"site-sidebar-layout":"no-sidebar","site-content-layout":"page-builder","ast-site-content-layout":"full-width-container","site-content-style":"unboxed","site-sidebar-style":"unboxed","ast-global-header-display":"","ast-banner-title-visibility":"","ast-main-header-display":"","ast-hfb-above-header-display":"","ast-hfb-below-header-display":"","ast-hfb-mobile-header-display":"","site-post-title":"disabled","ast-breadcrumbs-content":"","ast-featured-img":"disabled","footer-sml-layout":"","ast-disable-related-posts":"","theme-transparent-header-meta":"disabled","adv-header-id-meta":"","stick-header-meta":"","header-above-stick-meta":"","header-main-stick-meta":"","header-below-stick-meta":"","astra-migrate-meta-layouts":"set","ast-page-background-enabled":"default","ast-page-background-meta":{"desktop":{"background-color":"var(--ast-global-color-4)","background-image":"","background-repeat":"repeat","background-position":"center center","background-size":"auto","background-attachment":"scroll","background-type":"","background-media":"","overlay-type":"","overlay-color":"","overlay-opacity":"","overlay-gradient":""},"tablet":{"background-color":"","background-image":"","background-repeat":"repeat","background-position":"center center","background-size":"auto","background-attachment":"scroll","background-type":"","background-media":"","overlay-type":"","overlay-color":"","overlay-opacity":"","overlay-gradient":""},"mobile":{"background-color":"","background-image":"","background-repeat":"repeat","background-position":"center center","background-size":"auto","background-attachment":"scroll","background-type":"","background-media":"","overlay-type":"","overlay-color":"","overlay-opacity":"","overlay-gradient":""}},"ast-content-background-meta":{"desktop":{"background-color":"var(--ast-global-color-5)","background-image":"","background-repeat":"repeat","background-position":"center center","background-size":"auto","background-attachment":"scroll","background-type":"","background-media":"","overlay-type":"","overlay-color":"","overlay-opacity":"","overlay-gradient":""},"tablet":{"background-color":"var(--ast-global-color-5)","background-image":"","background-repeat":"repeat","background-position":"center center","background-size":"auto","background-attachment":"scroll","background-type":"","background-media":"","overlay-type":"","overlay-color":"","overlay-opacity":"","overlay-gradient":""},"mobile":{"background-color":"var(--ast-global-color-5)","background-image":"","background-repeat":"repeat","background-position":"center center","background-size":"auto","background-attachment":"scroll","background-type":"","background-media":"","overlay-type":"","overlay-color":"","overlay-opacity":"","overlay-gradient":""}},"iawp_total_views":165,"footnotes":""},"class_list":["post-1318","page","type-page","status-publish","has-post-thumbnail","hentry"],"_links":{"self":[{"href":"https:\/\/tarukyla.ee\/eng\/wp-json\/wp\/v2\/pages\/1318","targetHints":{"allow":["GET"]}}],"collection":[{"href":"https:\/\/tarukyla.ee\/eng\/wp-json\/wp\/v2\/pages"}],"about":[{"href":"https:\/\/tarukyla.ee\/eng\/wp-json\/wp\/v2\/types\/page"}],"author":[{"embeddable":true,"href":"https:\/\/tarukyla.ee\/eng\/wp-json\/wp\/v2\/users\/1"}],"replies":[{"embeddable":true,"href":"https:\/\/tarukyla.ee\/eng\/wp-json\/wp\/v2\/comments?post=1318"}],"version-history":[{"count":119,"href":"https:\/\/tarukyla.ee\/eng\/wp-json\/wp\/v2\/pages\/1318\/revisions"}],"predecessor-version":[{"id":3436,"href":"https:\/\/tarukyla.ee\/eng\/wp-json\/wp\/v2\/pages\/1318\/revisions\/3436"}],"wp:featuredmedia":[{"embeddable":true,"href":"https:\/\/tarukyla.ee\/eng\/wp-json\/wp\/v2\/media\/2518"}],"wp:attachment":[{"href":"https:\/\/tarukyla.ee\/eng\/wp-json\/wp\/v2\/media?parent=1318"}],"curies":[{"name":"wp","href":"https:\/\/api.w.org\/{rel}","templated":true}]}}